{"id":5524,"date":"2024-02-27T17:58:21","date_gmt":"2024-02-27T17:58:21","guid":{"rendered":"https:\/\/crewthat.com\/?page_id=5524"},"modified":"2024-09-11T19:44:02","modified_gmt":"2024-09-11T19:44:02","slug":"design-personalise","status":"publish","type":"page","link":"https:\/\/crewthat.com\/fr-ca\/services\/design-personalise\/","title":{"rendered":"Design personalis\u00e9"},"content":{"rendered":"\t\t<div data-elementor-type=\"wp-page\" data-elementor-id=\"5524\" class=\"elementor elementor-5524 elementor-5496\" data-elementor-post-type=\"page\">\n\t\t\t\t<div class=\"elementor-element elementor-element-f7d1650 e-flex e-con-boxed e-con e-parent\" data-id=\"f7d1650\" data-element_type=\"container\">\n\t\t\t\t\t<div class=\"e-con-inner\">\n\t\t\t\t<div class=\"elementor-element elementor-element-2f672ae elementor-widget-divider--view-line elementor-widget elementor-widget-divider\" data-id=\"2f672ae\" data-element_type=\"widget\" data-widget_type=\"divider.default\">\n\t\t\t\t\t\t\t<div class=\"elementor-divider\">\n\t\t\t<span class=\"elementor-divider-separator\">\n\t\t\t\t\t\t<\/span>\n\t\t<\/div>\n\t\t\t\t\t\t<\/div>\n\t\t\t\t<div class=\"elementor-element elementor-element-99d19c8 elementor-widget__width-initial elementor-widget-mobile__width-initial elementor-invisible elementor-widget elementor-widget-spacer\" data-id=\"99d19c8\" data-element_type=\"widget\" data-settings=\"{&quot;_animation&quot;:&quot;fadeIn&quot;,&quot;_animation_delay&quot;:&quot;800&quot;}\" data-widget_type=\"spacer.default\">\n\t\t\t\t\t\t\t<div class=\"elementor-spacer\">\n\t\t\t<div class=\"elementor-spacer-inner\"><\/div>\n\t\t<\/div>\n\t\t\t\t\t\t<\/div>\n\t\t\t\t\t<\/div>\n\t\t\t\t<\/div>\n\t\t<div class=\"elementor-element elementor-element-9eede2c e-flex e-con-boxed e-con e-parent\" data-id=\"9eede2c\" data-element_type=\"container\">\n\t\t\t\t\t<div class=\"e-con-inner\">\n\t\t<div class=\"elementor-element elementor-element-d0377e5 e-flex e-con-boxed e-con e-child\" data-id=\"d0377e5\" data-element_type=\"container\">\n\t\t\t\t\t<div class=\"e-con-inner\">\n\t\t<div class=\"elementor-element elementor-element-a5e7c7d e-con-full e-flex e-con e-child\" data-id=\"a5e7c7d\" data-element_type=\"container\">\n\t\t\t\t<div class=\"elementor-element elementor-element-cab8677 elementor-widget elementor-widget-heading\" data-id=\"cab8677\" data-element_type=\"widget\" data-widget_type=\"heading.default\">\n\t\t\t\t\t<h5 class=\"elementor-heading-title elementor-size-default\">Design personalis\u00e9<\/h5>\t\t\t\t<\/div>\n\t\t\t\t<div class=\"elementor-element elementor-element-288b0e8 elementor-widget elementor-widget-text-editor\" data-id=\"288b0e8\" data-element_type=\"widget\" data-widget_type=\"text-editor.default\">\n\t\t\t\t\t\t\t\t\t<p>Comme bon nombre de nos membres d\u2019\u00e9quipage sont d\u2019anciens artistes ou des techniciens de longue date, nous avons des attentes \u00e9lev\u00e9es en mati\u00e8re de s\u00e9curit\u00e9 et de valeur de production.<\/p><ul><li>Gr\u00e9ement humain<\/li><li>Sports (plong\u00e9e et patinage artistique)<\/li><li>Centre de formation et \u00c9coles<\/li><li>\u00c9v\u00e9nements sp\u00e9ciaux<\/li><li>Acrobaties a\u00e9riennes<\/li><li>Conception\u00a0environnementale<\/li><\/ul>\t\t\t\t\t\t\t\t<\/div>\n\t\t\t\t<div class=\"elementor-element elementor-element-0a9eaf1 elementor-widget elementor-widget-video\" data-id=\"0a9eaf1\" data-element_type=\"widget\" data-settings=\"{&quot;youtube_url&quot;:&quot;https:\\\/\\\/youtu.be\\\/Won5jmy56lw?feature=shared&quot;,&quot;video_type&quot;:&quot;youtube&quot;,&quot;controls&quot;:&quot;yes&quot;}\" data-widget_type=\"video.default\">\n\t\t\t\t\t\t\t<div class=\"elementor-wrapper elementor-open-inline\">\n\t\t\t<div class=\"elementor-video\"><\/div>\t\t<\/div>\n\t\t\t\t\t\t<\/div>\n\t\t\t\t<div class=\"elementor-element elementor-element-14f7129 elementor-widget elementor-widget-video\" data-id=\"14f7129\" data-element_type=\"widget\" data-settings=\"{&quot;youtube_url&quot;:&quot;https:\\\/\\\/youtu.be\\\/0AWO6_C_IcM?feature=shared&quot;,&quot;video_type&quot;:&quot;youtube&quot;,&quot;controls&quot;:&quot;yes&quot;}\" data-widget_type=\"video.default\">\n\t\t\t\t\t\t\t<div class=\"elementor-wrapper elementor-open-inline\">\n\t\t\t<div class=\"elementor-video\"><\/div>\t\t<\/div>\n\t\t\t\t\t\t<\/div>\n\t\t\t\t<div class=\"elementor-element elementor-element-e1237c0 elementor-mobile-align-justify elementor-widget elementor-widget-button\" data-id=\"e1237c0\" data-element_type=\"widget\" data-widget_type=\"button.default\">\n\t\t\t\t\t\t\t\t\t\t<a class=\"elementor-button elementor-button-link elementor-size-sm\" href=\"https:\/\/crewthat.com\/fr-ca\/services\/\">\n\t\t\t\t\t\t<span class=\"elementor-button-content-wrapper\">\n\t\t\t\t\t\t\t\t\t<span class=\"elementor-button-text\">POUR PLUS<\/span>\n\t\t\t\t\t<\/span>\n\t\t\t\t\t<\/a>\n\t\t\t\t\t\t\t\t<\/div>\n\t\t\t\t<\/div>\n\t\t<div class=\"elementor-element elementor-element-2d255dc e-con-full e-flex e-con e-child\" data-id=\"2d255dc\" data-element_type=\"container\">\n\t\t\t\t<div class=\"elementor-element elementor-element-2dbbb25 elementor-widget elementor-widget-image-gallery\" data-id=\"2dbbb25\" data-element_type=\"widget\" data-widget_type=\"image-gallery.default\">\n\t\t\t\t\t\t\t<div class=\"elementor-image-gallery\">\n\t\t\t<div id='gallery-1' class='gallery galleryid-5524 gallery-columns-2 gallery-size-full'><figure class='gallery-item'>\n\t\t\t<div class='gallery-icon portrait'>\n\t\t\t\t<a data-elementor-open-lightbox=\"yes\" data-elementor-lightbox-slideshow=\"2dbbb25\" data-elementor-lightbox-title=\"IMG_3191\" data-e-action-hash=\"#elementor-action%3Aaction%3Dlightbox%26settings%3DeyJpZCI6NTQ3MywidXJsIjoiaHR0cHM6XC9cL2NyZXd0aGF0LmNvbVwvd3AtY29udGVudFwvdXBsb2Fkc1wvMjAyNFwvMDJcL0lNR18zMTkxLXNjYWxlZC5qcGciLCJzbGlkZXNob3ciOiIyZGJiYjI1In0%3D\" href='https:\/\/crewthat.com\/wp-content\/uploads\/2024\/02\/IMG_3191-scaled.jpg'><img fetchpriority=\"high\" decoding=\"async\" width=\"1920\" height=\"2560\" src=\"https:\/\/crewthat.com\/wp-content\/uploads\/2024\/02\/IMG_3191-scaled.jpg\" class=\"attachment-full size-full\" alt=\"\" srcset=\"https:\/\/crewthat.com\/wp-content\/uploads\/2024\/02\/IMG_3191-scaled.jpg 1920w, https:\/\/crewthat.com\/wp-content\/uploads\/2024\/02\/IMG_3191-225x300.jpg 225w, https:\/\/crewthat.com\/wp-content\/uploads\/2024\/02\/IMG_3191-768x1024.jpg 768w, https:\/\/crewthat.com\/wp-content\/uploads\/2024\/02\/IMG_3191-1152x1536.jpg 1152w, https:\/\/crewthat.com\/wp-content\/uploads\/2024\/02\/IMG_3191-1536x2048.jpg 1536w\" sizes=\"(max-width: 1920px) 100vw, 1920px\" \/><\/a>\n\t\t\t<\/div><\/figure><figure class='gallery-item'>\n\t\t\t<div class='gallery-icon portrait'>\n\t\t\t\t<a data-elementor-open-lightbox=\"yes\" data-elementor-lightbox-slideshow=\"2dbbb25\" data-elementor-lightbox-title=\"IMG_3285\" data-e-action-hash=\"#elementor-action%3Aaction%3Dlightbox%26settings%3DeyJpZCI6NTQ4MiwidXJsIjoiaHR0cHM6XC9cL2NyZXd0aGF0LmNvbVwvd3AtY29udGVudFwvdXBsb2Fkc1wvMjAyNFwvMDJcL0lNR18zMjg1LXNjYWxlZC5qcGciLCJzbGlkZXNob3ciOiIyZGJiYjI1In0%3D\" href='https:\/\/crewthat.com\/wp-content\/uploads\/2024\/02\/IMG_3285-scaled.jpg'><img decoding=\"async\" width=\"1920\" height=\"2560\" src=\"https:\/\/crewthat.com\/wp-content\/uploads\/2024\/02\/IMG_3285-scaled.jpg\" class=\"attachment-full size-full\" alt=\"\" srcset=\"https:\/\/crewthat.com\/wp-content\/uploads\/2024\/02\/IMG_3285-scaled.jpg 1920w, https:\/\/crewthat.com\/wp-content\/uploads\/2024\/02\/IMG_3285-225x300.jpg 225w, https:\/\/crewthat.com\/wp-content\/uploads\/2024\/02\/IMG_3285-768x1024.jpg 768w, https:\/\/crewthat.com\/wp-content\/uploads\/2024\/02\/IMG_3285-1152x1536.jpg 1152w, https:\/\/crewthat.com\/wp-content\/uploads\/2024\/02\/IMG_3285-1536x2048.jpg 1536w\" sizes=\"(max-width: 1920px) 100vw, 1920px\" \/><\/a>\n\t\t\t<\/div><\/figure><figure class='gallery-item'>\n\t\t\t<div class='gallery-icon landscape'>\n\t\t\t\t<a data-elementor-open-lightbox=\"yes\" data-elementor-lightbox-slideshow=\"2dbbb25\" data-elementor-lightbox-title=\"figure skating\" data-e-action-hash=\"#elementor-action%3Aaction%3Dlightbox%26settings%3DeyJpZCI6NTYwMywidXJsIjoiaHR0cHM6XC9cL2NyZXd0aGF0LmNvbVwvd3AtY29udGVudFwvdXBsb2Fkc1wvMjAyNFwvMDJcL2ZpZ3VyZS1za2F0aW5nLS5wbmciLCJzbGlkZXNob3ciOiIyZGJiYjI1In0%3D\" href='https:\/\/crewthat.com\/wp-content\/uploads\/2024\/02\/figure-skating-.png'><img decoding=\"async\" width=\"1567\" height=\"709\" src=\"https:\/\/crewthat.com\/wp-content\/uploads\/2024\/02\/figure-skating-.png\" class=\"attachment-full size-full\" alt=\"\" srcset=\"https:\/\/crewthat.com\/wp-content\/uploads\/2024\/02\/figure-skating-.png 1567w, https:\/\/crewthat.com\/wp-content\/uploads\/2024\/02\/figure-skating--300x136.png 300w, https:\/\/crewthat.com\/wp-content\/uploads\/2024\/02\/figure-skating--1024x463.png 1024w, https:\/\/crewthat.com\/wp-content\/uploads\/2024\/02\/figure-skating--768x347.png 768w, https:\/\/crewthat.com\/wp-content\/uploads\/2024\/02\/figure-skating--1536x695.png 1536w\" sizes=\"(max-width: 1567px) 100vw, 1567px\" \/><\/a>\n\t\t\t<\/div><\/figure><figure class='gallery-item'>\n\t\t\t<div class='gallery-icon landscape'>\n\t\t\t\t<a data-elementor-open-lightbox=\"yes\" data-elementor-lightbox-slideshow=\"2dbbb25\" data-elementor-lightbox-title=\"IMG_3185\" data-e-action-hash=\"#elementor-action%3Aaction%3Dlightbox%26settings%3DeyJpZCI6NTQ3NiwidXJsIjoiaHR0cHM6XC9cL2NyZXd0aGF0LmNvbVwvd3AtY29udGVudFwvdXBsb2Fkc1wvMjAyNFwvMDJcL0lNR18zMTg1LXNjYWxlZC5qcGciLCJzbGlkZXNob3ciOiIyZGJiYjI1In0%3D\" href='https:\/\/crewthat.com\/wp-content\/uploads\/2024\/02\/IMG_3185-scaled.jpg'><img loading=\"lazy\" decoding=\"async\" width=\"2560\" height=\"1920\" src=\"https:\/\/crewthat.com\/wp-content\/uploads\/2024\/02\/IMG_3185-scaled.jpg\" class=\"attachment-full size-full\" alt=\"\" srcset=\"https:\/\/crewthat.com\/wp-content\/uploads\/2024\/02\/IMG_3185-scaled.jpg 2560w, https:\/\/crewthat.com\/wp-content\/uploads\/2024\/02\/IMG_3185-300x225.jpg 300w, https:\/\/crewthat.com\/wp-content\/uploads\/2024\/02\/IMG_3185-1024x768.jpg 1024w, https:\/\/crewthat.com\/wp-content\/uploads\/2024\/02\/IMG_3185-768x576.jpg 768w, https:\/\/crewthat.com\/wp-content\/uploads\/2024\/02\/IMG_3185-1536x1152.jpg 1536w, https:\/\/crewthat.com\/wp-content\/uploads\/2024\/02\/IMG_3185-2048x1536.jpg 2048w\" sizes=\"(max-width: 2560px) 100vw, 2560px\" \/><\/a>\n\t\t\t<\/div><\/figure><figure class='gallery-item'>\n\t\t\t<div class='gallery-icon landscape'>\n\t\t\t\t<a data-elementor-open-lightbox=\"yes\" data-elementor-lightbox-slideshow=\"2dbbb25\" data-elementor-lightbox-title=\"IMG_3512\" data-e-action-hash=\"#elementor-action%3Aaction%3Dlightbox%26settings%3DeyJpZCI6NTQ4NSwidXJsIjoiaHR0cHM6XC9cL2NyZXd0aGF0LmNvbVwvd3AtY29udGVudFwvdXBsb2Fkc1wvMjAyNFwvMDJcL0lNR18zNTEyLXNjYWxlZC5qcGciLCJzbGlkZXNob3ciOiIyZGJiYjI1In0%3D\" href='https:\/\/crewthat.com\/wp-content\/uploads\/2024\/02\/IMG_3512-scaled.jpg'><img loading=\"lazy\" decoding=\"async\" width=\"2560\" height=\"1920\" src=\"https:\/\/crewthat.com\/wp-content\/uploads\/2024\/02\/IMG_3512-scaled.jpg\" class=\"attachment-full size-full\" alt=\"\" srcset=\"https:\/\/crewthat.com\/wp-content\/uploads\/2024\/02\/IMG_3512-scaled.jpg 2560w, https:\/\/crewthat.com\/wp-content\/uploads\/2024\/02\/IMG_3512-300x225.jpg 300w, https:\/\/crewthat.com\/wp-content\/uploads\/2024\/02\/IMG_3512-1024x768.jpg 1024w, https:\/\/crewthat.com\/wp-content\/uploads\/2024\/02\/IMG_3512-768x576.jpg 768w, https:\/\/crewthat.com\/wp-content\/uploads\/2024\/02\/IMG_3512-1536x1152.jpg 1536w, https:\/\/crewthat.com\/wp-content\/uploads\/2024\/02\/IMG_3512-2048x1536.jpg 2048w\" sizes=\"(max-width: 2560px) 100vw, 2560px\" \/><\/a>\n\t\t\t<\/div><\/figure><figure class='gallery-item'>\n\t\t\t<div class='gallery-icon landscape'>\n\t\t\t\t<a data-elementor-open-lightbox=\"yes\" data-elementor-lightbox-slideshow=\"2dbbb25\" data-elementor-lightbox-title=\"IMG_3212\" data-e-action-hash=\"#elementor-action%3Aaction%3Dlightbox%26settings%3DeyJpZCI6NTQ3OSwidXJsIjoiaHR0cHM6XC9cL2NyZXd0aGF0LmNvbVwvd3AtY29udGVudFwvdXBsb2Fkc1wvMjAyNFwvMDJcL0lNR18zMjEyLXNjYWxlZC5qcGciLCJzbGlkZXNob3ciOiIyZGJiYjI1In0%3D\" href='https:\/\/crewthat.com\/wp-content\/uploads\/2024\/02\/IMG_3212-scaled.jpg'><img loading=\"lazy\" decoding=\"async\" width=\"2560\" height=\"1920\" src=\"https:\/\/crewthat.com\/wp-content\/uploads\/2024\/02\/IMG_3212-scaled.jpg\" class=\"attachment-full size-full\" alt=\"\" srcset=\"https:\/\/crewthat.com\/wp-content\/uploads\/2024\/02\/IMG_3212-scaled.jpg 2560w, https:\/\/crewthat.com\/wp-content\/uploads\/2024\/02\/IMG_3212-300x225.jpg 300w, https:\/\/crewthat.com\/wp-content\/uploads\/2024\/02\/IMG_3212-1024x768.jpg 1024w, https:\/\/crewthat.com\/wp-content\/uploads\/2024\/02\/IMG_3212-768x576.jpg 768w, https:\/\/crewthat.com\/wp-content\/uploads\/2024\/02\/IMG_3212-1536x1152.jpg 1536w, https:\/\/crewthat.com\/wp-content\/uploads\/2024\/02\/IMG_3212-2048x1536.jpg 2048w\" sizes=\"(max-width: 2560px) 100vw, 2560px\" \/><\/a>\n\t\t\t<\/div><\/figure>\n\t\t<\/div>\n\t\t<\/div>\n\t\t\t\t\t\t<\/div>\n\t\t\t\t<\/div>\n\t\t\t\t\t<\/div>\n\t\t\t\t<\/div>\n\t\t\t\t\t<\/div>\n\t\t\t\t<\/div>\n\t\t\t\t<section class=\"elementor-section elementor-top-section elementor-element elementor-element-8790bb1 elementor-section-boxed elementor-section-height-default elementor-section-height-default\" data-id=\"8790bb1\" data-element_type=\"section\">\n\t\t\t\t\t\t<div class=\"elementor-container elementor-column-gap-no\">\n\t\t\t\t\t<div class=\"elementor-column elementor-col-100 elementor-top-column elementor-element elementor-element-63e440a\" data-id=\"63e440a\" data-element_type=\"column\">\n\t\t\t<div class=\"elementor-widget-wrap elementor-element-populated\">\n\t\t\t\t\t\t<div class=\"elementor-element elementor-element-4ce5495 elementor-widget-divider--view-line elementor-invisible elementor-widget elementor-widget-divider\" data-id=\"4ce5495\" data-element_type=\"widget\" data-settings=\"{&quot;_animation&quot;:&quot;zoomIn&quot;,&quot;_animation_delay&quot;:&quot;100&quot;}\" data-widget_type=\"divider.default\">\n\t\t\t\t\t\t\t<div class=\"elementor-divider\">\n\t\t\t<span class=\"elementor-divider-separator\">\n\t\t\t\t\t\t<\/span>\n\t\t<\/div>\n\t\t\t\t\t\t<\/div>\n\t\t\t\t<div class=\"elementor-element elementor-element-ada8a90 elementor-widget__width-initial animated-slow elementor-widget-mobile__width-initial elementor-invisible elementor-widget elementor-widget-spacer\" data-id=\"ada8a90\" data-element_type=\"widget\" data-settings=\"{&quot;_animation&quot;:&quot;fadeIn&quot;,&quot;_animation_delay&quot;:&quot;300&quot;}\" data-widget_type=\"spacer.default\">\n\t\t\t\t\t\t\t<div class=\"elementor-spacer\">\n\t\t\t<div class=\"elementor-spacer-inner\"><\/div>\n\t\t<\/div>\n\t\t\t\t\t\t<\/div>\n\t\t\t\t\t<\/div>\n\t\t<\/div>\n\t\t\t\t\t<\/div>\n\t\t<\/section>\n\t\t\t\t<section class=\"elementor-section elementor-top-section elementor-element elementor-element-403b123 elementor-section-boxed elementor-section-height-default elementor-section-height-default\" data-id=\"403b123\" data-element_type=\"section\">\n\t\t\t\t\t\t<div class=\"elementor-container elementor-column-gap-no\">\n\t\t\t\t\t<div class=\"elementor-column elementor-col-100 elementor-top-column elementor-element elementor-element-04d4dd6\" data-id=\"04d4dd6\" data-element_type=\"column\">\n\t\t\t<div class=\"elementor-widget-wrap elementor-element-populated\">\n\t\t\t\t\t\t<div class=\"elementor-element elementor-element-c0207d0 elementor-widget elementor-widget-heading\" data-id=\"c0207d0\" data-element_type=\"widget\" data-widget_type=\"heading.default\">\n\t\t\t\t\t<h2 class=\"elementor-heading-title elementor-size-default\">We Are Internationally Certified <\/h2>\t\t\t\t<\/div>\n\t\t\t\t<section class=\"elementor-section elementor-inner-section elementor-element elementor-element-ec6f445 elementor-section-full_width elementor-section-height-default elementor-section-height-default\" data-id=\"ec6f445\" data-element_type=\"section\">\n\t\t\t\t\t\t<div class=\"elementor-container elementor-column-gap-no\">\n\t\t\t\t\t<div class=\"elementor-column elementor-col-100 elementor-inner-column elementor-element elementor-element-6711409\" data-id=\"6711409\" data-element_type=\"column\">\n\t\t\t<div class=\"elementor-widget-wrap elementor-element-populated\">\n\t\t\t\t\t\t<div class=\"elementor-element elementor-element-c80e988 elementor-widget elementor-widget-image-carousel\" data-id=\"c80e988\" data-element_type=\"widget\" data-settings=\"{&quot;slides_to_scroll&quot;:&quot;1&quot;,&quot;slides_to_show&quot;:&quot;3&quot;,&quot;navigation&quot;:&quot;none&quot;,&quot;image_spacing_custom&quot;:{&quot;unit&quot;:&quot;px&quot;,&quot;size&quot;:&quot;&quot;,&quot;sizes&quot;:[]},&quot;autoplay&quot;:&quot;yes&quot;,&quot;pause_on_hover&quot;:&quot;yes&quot;,&quot;pause_on_interaction&quot;:&quot;yes&quot;,&quot;autoplay_speed&quot;:5000,&quot;infinite&quot;:&quot;yes&quot;,&quot;speed&quot;:500,&quot;image_spacing_custom_tablet&quot;:{&quot;unit&quot;:&quot;px&quot;,&quot;size&quot;:&quot;&quot;,&quot;sizes&quot;:[]},&quot;image_spacing_custom_mobile&quot;:{&quot;unit&quot;:&quot;px&quot;,&quot;size&quot;:&quot;&quot;,&quot;sizes&quot;:[]}}\" data-widget_type=\"image-carousel.default\">\n\t\t\t\t\t\t\t<div class=\"elementor-image-carousel-wrapper swiper\" role=\"region\" aria-roledescription=\"carousel\" aria-label=\"Carrousel d\u2019images\" dir=\"ltr\">\n\t\t\t<div class=\"elementor-image-carousel swiper-wrapper\" aria-live=\"off\">\n\t\t\t\t\t\t\t\t<div class=\"swiper-slide\" role=\"group\" aria-roledescription=\"slide\" aria-label=\"1 of 3\"><figure class=\"swiper-slide-inner\"><img decoding=\"async\" class=\"swiper-slide-image\" src=\"https:\/\/crewthat.com\/wp-content\/uploads\/2023\/09\/Irata-PNG-8-1.png\" alt=\"Irata PNG-8\" \/><\/figure><\/div><div class=\"swiper-slide\" role=\"group\" aria-roledescription=\"slide\" aria-label=\"2 of 3\"><figure class=\"swiper-slide-inner\"><img decoding=\"async\" class=\"swiper-slide-image\" src=\"https:\/\/crewthat.com\/wp-content\/uploads\/2023\/09\/OSHAlogo.png\" alt=\"OSHAlogo\" \/><\/figure><\/div><div class=\"swiper-slide\" role=\"group\" aria-roledescription=\"slide\" aria-label=\"3 of 3\"><figure class=\"swiper-slide-inner\"><img decoding=\"async\" class=\"swiper-slide-image\" src=\"https:\/\/crewthat.com\/wp-content\/uploads\/2023\/09\/Etcp-PNG-8-1.png\" alt=\"Etcp PNG-8\" \/><\/figure><\/div>\t\t\t<\/div>\n\t\t\t\t\t\t\t\n\t\t\t\t\t\t\t\t\t<\/div>\n\t\t\t\t\t\t<\/div>\n\t\t\t\t\t<\/div>\n\t\t<\/div>\n\t\t\t\t\t<\/div>\n\t\t<\/section>\n\t\t\t\t\t<\/div>\n\t\t<\/div>\n\t\t\t\t\t<\/div>\n\t\t<\/section>\n\t\t\t\t<section class=\"elementor-section elementor-top-section elementor-element elementor-element-8e592a3 elementor-section-boxed elementor-section-height-default elementor-section-height-default\" data-id=\"8e592a3\" data-element_type=\"section\">\n\t\t\t\t\t\t<div class=\"elementor-container elementor-column-gap-no\">\n\t\t\t\t\t<div class=\"elementor-column elementor-col-100 elementor-top-column elementor-element elementor-element-74c6654\" data-id=\"74c6654\" data-element_type=\"column\">\n\t\t\t<div class=\"elementor-widget-wrap elementor-element-populated\">\n\t\t\t\t\t\t<div class=\"elementor-element elementor-element-b2a36a9 elementor-widget-divider--view-line elementor-invisible elementor-widget elementor-widget-divider\" data-id=\"b2a36a9\" data-element_type=\"widget\" data-settings=\"{&quot;_animation&quot;:&quot;zoomIn&quot;,&quot;_animation_delay&quot;:&quot;100&quot;}\" data-widget_type=\"divider.default\">\n\t\t\t\t\t\t\t<div class=\"elementor-divider\">\n\t\t\t<span class=\"elementor-divider-separator\">\n\t\t\t\t\t\t<\/span>\n\t\t<\/div>\n\t\t\t\t\t\t<\/div>\n\t\t\t\t<div class=\"elementor-element elementor-element-f02ace6 elementor-widget__width-initial animated-slow elementor-widget-mobile__width-initial elementor-invisible elementor-widget elementor-widget-spacer\" data-id=\"f02ace6\" data-element_type=\"widget\" data-settings=\"{&quot;_animation&quot;:&quot;fadeIn&quot;,&quot;_animation_delay&quot;:&quot;300&quot;}\" data-widget_type=\"spacer.default\">\n\t\t\t\t\t\t\t<div class=\"elementor-spacer\">\n\t\t\t<div class=\"elementor-spacer-inner\"><\/div>\n\t\t<\/div>\n\t\t\t\t\t\t<\/div>\n\t\t\t\t\t<\/div>\n\t\t<\/div>\n\t\t\t\t\t<\/div>\n\t\t<\/section>\n\t\t\t\t<\/div>\n\t\t","protected":false},"excerpt":{"rendered":"<p>Design personalis\u00e9 Comme bon nombre de nos membres d\u2019\u00e9quipage sont d\u2019anciens artistes ou des techniciens de longue date, nous avons des attentes \u00e9lev\u00e9es en mati\u00e8re de s\u00e9curit\u00e9 et de valeur de production. Gr\u00e9ement humain Sports (plong\u00e9e et patinage artistique) Centre de formation et \u00c9coles \u00c9v\u00e9nements sp\u00e9ciaux Acrobaties a\u00e9riennes Conception\u00a0environnementale https:\/\/youtu.be\/Won5jmy56lw?feature=sharedhttps:\/\/youtu.be\/0AWO6_C_IcM?feature=shared POUR PLUS We Are Internationally [&hellip;]<\/p>\n","protected":false},"author":3,"featured_media":0,"parent":4966,"menu_order":0,"comment_status":"closed","ping_status":"closed","template":"","meta":{"footnotes":""},"class_list":["post-5524","page","type-page","status-publish","hentry"],"_links":{"self":[{"href":"https:\/\/crewthat.com\/fr-ca\/wp-json\/wp\/v2\/pages\/5524","targetHints":{"allow":["GET"]}}],"collection":[{"href":"https:\/\/crewthat.com\/fr-ca\/wp-json\/wp\/v2\/pages"}],"about":[{"href":"https:\/\/crewthat.com\/fr-ca\/wp-json\/wp\/v2\/types\/page"}],"author":[{"embeddable":true,"href":"https:\/\/crewthat.com\/fr-ca\/wp-json\/wp\/v2\/users\/3"}],"replies":[{"embeddable":true,"href":"https:\/\/crewthat.com\/fr-ca\/wp-json\/wp\/v2\/comments?post=5524"}],"version-history":[{"count":5,"href":"https:\/\/crewthat.com\/fr-ca\/wp-json\/wp\/v2\/pages\/5524\/revisions"}],"predecessor-version":[{"id":5724,"href":"https:\/\/crewthat.com\/fr-ca\/wp-json\/wp\/v2\/pages\/5524\/revisions\/5724"}],"up":[{"embeddable":true,"href":"https:\/\/crewthat.com\/fr-ca\/wp-json\/wp\/v2\/pages\/4966"}],"wp:attachment":[{"href":"https:\/\/crewthat.com\/fr-ca\/wp-json\/wp\/v2\/media?parent=5524"}],"curies":[{"name":"wp","href":"https:\/\/api.w.org\/{rel}","templated":true}]}}