{"id":4946,"date":"2023-10-10T07:59:51","date_gmt":"2023-10-10T07:59:51","guid":{"rendered":"https:\/\/crewthat.com\/training\/"},"modified":"2023-12-04T16:33:18","modified_gmt":"2023-12-04T16:33:18","slug":"formation","status":"publish","type":"page","link":"https:\/\/crewthat.com\/fr-ca\/services\/formation\/","title":{"rendered":"Formation"},"content":{"rendered":"\t\t<div data-elementor-type=\"wp-page\" data-elementor-id=\"4946\" class=\"elementor elementor-4946 elementor-1235\" data-elementor-post-type=\"page\">\n\t\t\t\t<div class=\"elementor-element elementor-element-b22ae9b e-flex e-con-boxed e-con e-parent\" data-id=\"b22ae9b\" data-element_type=\"container\">\n\t\t\t\t\t<div class=\"e-con-inner\">\n\t\t\t\t<div class=\"elementor-element elementor-element-b943282 elementor-widget-divider--view-line elementor-widget elementor-widget-divider\" data-id=\"b943282\" data-element_type=\"widget\" data-widget_type=\"divider.default\">\n\t\t\t\t\t\t\t<div class=\"elementor-divider\">\n\t\t\t<span class=\"elementor-divider-separator\">\n\t\t\t\t\t\t<\/span>\n\t\t<\/div>\n\t\t\t\t\t\t<\/div>\n\t\t\t\t<div class=\"elementor-element elementor-element-db5b6ba elementor-widget__width-initial elementor-widget-mobile__width-initial elementor-invisible elementor-widget elementor-widget-spacer\" data-id=\"db5b6ba\" data-element_type=\"widget\" data-settings=\"{&quot;_animation&quot;:&quot;fadeIn&quot;,&quot;_animation_delay&quot;:&quot;800&quot;}\" data-widget_type=\"spacer.default\">\n\t\t\t\t\t\t\t<div class=\"elementor-spacer\">\n\t\t\t<div class=\"elementor-spacer-inner\"><\/div>\n\t\t<\/div>\n\t\t\t\t\t\t<\/div>\n\t\t\t\t\t<\/div>\n\t\t\t\t<\/div>\n\t\t<div class=\"elementor-element elementor-element-49b79a0 e-flex e-con-boxed e-con e-parent\" data-id=\"49b79a0\" data-element_type=\"container\">\n\t\t\t\t\t<div class=\"e-con-inner\">\n\t\t<div class=\"elementor-element elementor-element-bd0cfe1 e-flex e-con-boxed e-con e-child\" data-id=\"bd0cfe1\" data-element_type=\"container\">\n\t\t\t\t\t<div class=\"e-con-inner\">\n\t\t<div class=\"elementor-element elementor-element-f330da5 e-flex e-con-boxed e-con e-child\" data-id=\"f330da5\" data-element_type=\"container\">\n\t\t\t\t\t<div class=\"e-con-inner\">\n\t\t<div class=\"elementor-element elementor-element-2267fad e-con-full e-flex e-con e-child\" data-id=\"2267fad\" data-element_type=\"container\">\n\t\t\t\t<div class=\"elementor-element elementor-element-88b0d5e elementor-widget elementor-widget-heading\" data-id=\"88b0d5e\" data-element_type=\"widget\" data-widget_type=\"heading.default\">\n\t\t\t\t\t<h1 class=\"elementor-heading-title elementor-size-default\">Formation<\/h1>\t\t\t\t<\/div>\n\t\t\t\t<div class=\"elementor-element elementor-element-ec6caa4 elementor-widget elementor-widget-text-editor\" data-id=\"ec6caa4\" data-element_type=\"widget\" data-widget_type=\"text-editor.default\">\n\t\t\t\t\t\t\t\t\t<p class=\"\">Crew That propose des formations sur place pour votre personnel afin de cr\u00e9er une \u00e9quipe comp\u00e9tente et un lieu de travail s\u00e9curitaire.<\/p><ul><li>Formation aux machines et certification<\/li><li>Gr\u00e9ement acrobatique<\/li><li>Automatisation<\/li><\/ul>\t\t\t\t\t\t\t\t<\/div>\n\t\t\t\t<div class=\"elementor-element elementor-element-f8984ba elementor-mobile-align-justify elementor-widget elementor-widget-button\" data-id=\"f8984ba\" data-element_type=\"widget\" data-widget_type=\"button.default\">\n\t\t\t\t\t\t\t\t\t\t<a class=\"elementor-button elementor-button-link elementor-size-sm\" href=\"https:\/\/crewthat.com\/fr-ca\/services\/\">\n\t\t\t\t\t\t<span class=\"elementor-button-content-wrapper\">\n\t\t\t\t\t\t\t\t\t<span class=\"elementor-button-text\">PLUS D\u2019INFORMATIONS<\/span>\n\t\t\t\t\t<\/span>\n\t\t\t\t\t<\/a>\n\t\t\t\t\t\t\t\t<\/div>\n\t\t\t\t<\/div>\n\t\t<div class=\"elementor-element elementor-element-cf85aac e-con-full e-flex e-con e-child\" data-id=\"cf85aac\" data-element_type=\"container\">\n\t\t\t\t<div class=\"elementor-element elementor-element-dc6cd19 elementor-widget elementor-widget-video\" data-id=\"dc6cd19\" data-element_type=\"widget\" data-settings=\"{&quot;youtube_url&quot;:&quot;https:\\\/\\\/www.youtube.com\\\/watch?v=fcsTB7b1OTM&quot;,&quot;video_type&quot;:&quot;youtube&quot;,&quot;controls&quot;:&quot;yes&quot;}\" data-widget_type=\"video.default\">\n\t\t\t\t\t\t\t<div class=\"elementor-wrapper elementor-open-inline\">\n\t\t\t<div class=\"elementor-video\"><\/div>\t\t<\/div>\n\t\t\t\t\t\t<\/div>\n\t\t\t\t<\/div>\n\t\t\t\t\t<\/div>\n\t\t\t\t<\/div>\n\t\t\t\t\t<\/div>\n\t\t\t\t<\/div>\n\t\t\t\t\t<\/div>\n\t\t\t\t<\/div>\n\t\t<div class=\"elementor-element elementor-element-b6233e4 e-flex e-con-boxed e-con e-parent\" data-id=\"b6233e4\" data-element_type=\"container\">\n\t\t\t\t\t<div class=\"e-con-inner\">\n\t\t<div class=\"elementor-element elementor-element-f4d4128 e-con-full e-flex e-con e-child\" data-id=\"f4d4128\" data-element_type=\"container\">\n\t\t\t\t<div class=\"elementor-element elementor-element-b232f7b elementor-widget elementor-widget-image\" data-id=\"b232f7b\" data-element_type=\"widget\" data-widget_type=\"image.default\">\n\t\t\t\t\t\t\t\t\t\t\t\t\t\t\t<img fetchpriority=\"high\" decoding=\"async\" width=\"800\" height=\"474\" src=\"https:\/\/crewthat.com\/wp-content\/uploads\/2023\/10\/Telescopic-handler-1024x607.png\" class=\"attachment-large size-large wp-image-2418\" alt=\"\" srcset=\"https:\/\/crewthat.com\/wp-content\/uploads\/2023\/10\/Telescopic-handler-1024x607.png 1024w, https:\/\/crewthat.com\/wp-content\/uploads\/2023\/10\/Telescopic-handler-300x178.png 300w, https:\/\/crewthat.com\/wp-content\/uploads\/2023\/10\/Telescopic-handler-768x455.png 768w, https:\/\/crewthat.com\/wp-content\/uploads\/2023\/10\/Telescopic-handler-1536x911.png 1536w, https:\/\/crewthat.com\/wp-content\/uploads\/2023\/10\/Telescopic-handler-2048x1214.png 2048w\" sizes=\"(max-width: 800px) 100vw, 800px\" \/>\t\t\t\t\t\t\t\t\t\t\t\t\t\t\t<\/div>\n\t\t\t\t<\/div>\n\t\t<div class=\"elementor-element elementor-element-b9bb69f e-con-full e-flex e-con e-child\" data-id=\"b9bb69f\" data-element_type=\"container\">\n\t\t\t\t<div class=\"elementor-element elementor-element-e9f95f5 elementor-widget elementor-widget-image\" data-id=\"e9f95f5\" data-element_type=\"widget\" data-widget_type=\"image.default\">\n\t\t\t\t\t\t\t\t\t\t\t\t\t\t\t<img decoding=\"async\" width=\"800\" height=\"655\" src=\"https:\/\/crewthat.com\/wp-content\/uploads\/2023\/10\/Skid-steer-1024x839.png\" class=\"attachment-large size-large wp-image-2416\" alt=\"\" srcset=\"https:\/\/crewthat.com\/wp-content\/uploads\/2023\/10\/Skid-steer-1024x839.png 1024w, https:\/\/crewthat.com\/wp-content\/uploads\/2023\/10\/Skid-steer-300x246.png 300w, https:\/\/crewthat.com\/wp-content\/uploads\/2023\/10\/Skid-steer-768x629.png 768w, https:\/\/crewthat.com\/wp-content\/uploads\/2023\/10\/Skid-steer-1536x1259.png 1536w, https:\/\/crewthat.com\/wp-content\/uploads\/2023\/10\/Skid-steer-2048x1679.png 2048w\" sizes=\"(max-width: 800px) 100vw, 800px\" \/>\t\t\t\t\t\t\t\t\t\t\t\t\t\t\t<\/div>\n\t\t\t\t<\/div>\n\t\t<div class=\"elementor-element elementor-element-9917afa e-con-full e-flex e-con e-child\" data-id=\"9917afa\" data-element_type=\"container\">\n\t\t\t\t<div class=\"elementor-element elementor-element-e65e4fd elementor-widget elementor-widget-image\" data-id=\"e65e4fd\" data-element_type=\"widget\" data-widget_type=\"image.default\">\n\t\t\t\t\t\t\t\t\t\t\t\t\t\t\t<img decoding=\"async\" width=\"797\" height=\"1024\" src=\"https:\/\/crewthat.com\/wp-content\/uploads\/2023\/10\/Scissor-lift-797x1024.png\" class=\"attachment-large size-large wp-image-2414\" alt=\"\" srcset=\"https:\/\/crewthat.com\/wp-content\/uploads\/2023\/10\/Scissor-lift-797x1024.png 797w, https:\/\/crewthat.com\/wp-content\/uploads\/2023\/10\/Scissor-lift-233x300.png 233w, https:\/\/crewthat.com\/wp-content\/uploads\/2023\/10\/Scissor-lift-768x987.png 768w, https:\/\/crewthat.com\/wp-content\/uploads\/2023\/10\/Scissor-lift-1195x1536.png 1195w, https:\/\/crewthat.com\/wp-content\/uploads\/2023\/10\/Scissor-lift-1593x2048.png 1593w\" sizes=\"(max-width: 797px) 100vw, 797px\" \/>\t\t\t\t\t\t\t\t\t\t\t\t\t\t\t<\/div>\n\t\t\t\t<\/div>\n\t\t<div class=\"elementor-element elementor-element-18d3fe7 e-con-full e-flex e-con e-child\" data-id=\"18d3fe7\" data-element_type=\"container\">\n\t\t\t\t<div class=\"elementor-element elementor-element-c2c45d4 elementor-widget elementor-widget-image\" data-id=\"c2c45d4\" data-element_type=\"widget\" data-widget_type=\"image.default\">\n\t\t\t\t\t\t\t\t\t\t\t\t\t\t\t<img loading=\"lazy\" decoding=\"async\" width=\"800\" height=\"584\" src=\"https:\/\/crewthat.com\/wp-content\/uploads\/2023\/10\/Forklift-1024x747.png\" class=\"attachment-large size-large wp-image-2412\" alt=\"\" srcset=\"https:\/\/crewthat.com\/wp-content\/uploads\/2023\/10\/Forklift-1024x747.png 1024w, https:\/\/crewthat.com\/wp-content\/uploads\/2023\/10\/Forklift-300x219.png 300w, https:\/\/crewthat.com\/wp-content\/uploads\/2023\/10\/Forklift-768x560.png 768w, https:\/\/crewthat.com\/wp-content\/uploads\/2023\/10\/Forklift-1536x1120.png 1536w, https:\/\/crewthat.com\/wp-content\/uploads\/2023\/10\/Forklift-2048x1493.png 2048w\" sizes=\"(max-width: 800px) 100vw, 800px\" \/>\t\t\t\t\t\t\t\t\t\t\t\t\t\t\t<\/div>\n\t\t\t\t<\/div>\n\t\t<div class=\"elementor-element elementor-element-16cae0c e-con-full e-flex e-con e-child\" data-id=\"16cae0c\" data-element_type=\"container\">\n\t\t\t\t<div class=\"elementor-element elementor-element-d0a8c7e elementor-widget elementor-widget-image\" data-id=\"d0a8c7e\" data-element_type=\"widget\" data-widget_type=\"image.default\">\n\t\t\t\t\t\t\t\t\t\t\t\t\t\t\t<img loading=\"lazy\" decoding=\"async\" width=\"800\" height=\"791\" src=\"https:\/\/crewthat.com\/wp-content\/uploads\/2023\/10\/Boom-lift-1024x1012.png\" class=\"attachment-large size-large wp-image-2410\" alt=\"\" srcset=\"https:\/\/crewthat.com\/wp-content\/uploads\/2023\/10\/Boom-lift-1024x1012.png 1024w, https:\/\/crewthat.com\/wp-content\/uploads\/2023\/10\/Boom-lift-300x297.png 300w, https:\/\/crewthat.com\/wp-content\/uploads\/2023\/10\/Boom-lift-768x759.png 768w, https:\/\/crewthat.com\/wp-content\/uploads\/2023\/10\/Boom-lift-1536x1518.png 1536w, https:\/\/crewthat.com\/wp-content\/uploads\/2023\/10\/Boom-lift-2048x2024.png 2048w\" sizes=\"(max-width: 800px) 100vw, 800px\" \/>\t\t\t\t\t\t\t\t\t\t\t\t\t\t\t<\/div>\n\t\t\t\t<\/div>\n\t\t\t\t\t<\/div>\n\t\t\t\t<\/div>\n\t\t\t\t<section class=\"elementor-section elementor-top-section elementor-element elementor-element-8da51fa elementor-section-boxed elementor-section-height-default elementor-section-height-default\" data-id=\"8da51fa\" data-element_type=\"section\">\n\t\t\t\t\t\t<div class=\"elementor-container elementor-column-gap-no\">\n\t\t\t\t\t<div class=\"elementor-column elementor-col-100 elementor-top-column elementor-element elementor-element-26b4653\" data-id=\"26b4653\" data-element_type=\"column\">\n\t\t\t<div class=\"elementor-widget-wrap elementor-element-populated\">\n\t\t\t\t\t\t<div class=\"elementor-element elementor-element-cfc864c elementor-widget-divider--view-line elementor-invisible elementor-widget elementor-widget-divider\" data-id=\"cfc864c\" data-element_type=\"widget\" data-settings=\"{&quot;_animation&quot;:&quot;zoomIn&quot;,&quot;_animation_delay&quot;:&quot;100&quot;}\" data-widget_type=\"divider.default\">\n\t\t\t\t\t\t\t<div class=\"elementor-divider\">\n\t\t\t<span class=\"elementor-divider-separator\">\n\t\t\t\t\t\t<\/span>\n\t\t<\/div>\n\t\t\t\t\t\t<\/div>\n\t\t\t\t<div class=\"elementor-element elementor-element-76d1bf3 elementor-widget__width-initial animated-slow elementor-widget-mobile__width-initial elementor-invisible elementor-widget elementor-widget-spacer\" data-id=\"76d1bf3\" data-element_type=\"widget\" data-settings=\"{&quot;_animation&quot;:&quot;fadeIn&quot;,&quot;_animation_delay&quot;:&quot;300&quot;}\" data-widget_type=\"spacer.default\">\n\t\t\t\t\t\t\t<div class=\"elementor-spacer\">\n\t\t\t<div class=\"elementor-spacer-inner\"><\/div>\n\t\t<\/div>\n\t\t\t\t\t\t<\/div>\n\t\t\t\t\t<\/div>\n\t\t<\/div>\n\t\t\t\t\t<\/div>\n\t\t<\/section>\n\t\t\t\t<section class=\"elementor-section elementor-top-section elementor-element elementor-element-c68d3a9 elementor-section-boxed elementor-section-height-default elementor-section-height-default\" data-id=\"c68d3a9\" data-element_type=\"section\">\n\t\t\t\t\t\t<div class=\"elementor-container elementor-column-gap-no\">\n\t\t\t\t\t<div class=\"elementor-column elementor-col-100 elementor-top-column elementor-element elementor-element-931c4f4\" data-id=\"931c4f4\" data-element_type=\"column\">\n\t\t\t<div class=\"elementor-widget-wrap elementor-element-populated\">\n\t\t\t\t\t\t<div class=\"elementor-element elementor-element-f2ef895 elementor-widget elementor-widget-heading\" data-id=\"f2ef895\" data-element_type=\"widget\" data-widget_type=\"heading.default\">\n\t\t\t\t\t<h2 class=\"elementor-heading-title elementor-size-default\">Nous sommes certifi\u00e9s <br \/>au niveau international<\/h2>\t\t\t\t<\/div>\n\t\t\t\t<section class=\"elementor-section elementor-inner-section elementor-element elementor-element-c3246d3 elementor-section-full_width elementor-section-height-default elementor-section-height-default\" data-id=\"c3246d3\" data-element_type=\"section\">\n\t\t\t\t\t\t<div class=\"elementor-container elementor-column-gap-no\">\n\t\t\t\t\t<div class=\"elementor-column elementor-col-100 elementor-inner-column elementor-element elementor-element-4a0da0f\" data-id=\"4a0da0f\" data-element_type=\"column\">\n\t\t\t<div class=\"elementor-widget-wrap elementor-element-populated\">\n\t\t\t\t\t\t<div class=\"elementor-element elementor-element-08673a7 elementor-widget elementor-widget-image-carousel\" data-id=\"08673a7\" data-element_type=\"widget\" data-settings=\"{&quot;slides_to_scroll&quot;:&quot;1&quot;,&quot;slides_to_show&quot;:&quot;2&quot;,&quot;navigation&quot;:&quot;none&quot;,&quot;infinite&quot;:&quot;no&quot;,&quot;autoplay&quot;:&quot;yes&quot;,&quot;pause_on_hover&quot;:&quot;yes&quot;,&quot;pause_on_interaction&quot;:&quot;yes&quot;,&quot;autoplay_speed&quot;:5000,&quot;speed&quot;:500}\" data-widget_type=\"image-carousel.default\">\n\t\t\t\t\t\t\t<div class=\"elementor-image-carousel-wrapper swiper\" role=\"region\" aria-roledescription=\"carousel\" aria-label=\"Carrousel d\u2019images\" dir=\"ltr\">\n\t\t\t<div class=\"elementor-image-carousel swiper-wrapper\" aria-live=\"off\">\n\t\t\t\t\t\t\t\t<div class=\"swiper-slide\" role=\"group\" aria-roledescription=\"slide\" aria-label=\"1 of 2\"><figure class=\"swiper-slide-inner\"><img decoding=\"async\" class=\"swiper-slide-image\" src=\"https:\/\/crewthat.com\/wp-content\/uploads\/2023\/09\/Irata-PNG-8-1.png\" alt=\"Irata PNG-8\" \/><\/figure><\/div><div class=\"swiper-slide\" role=\"group\" aria-roledescription=\"slide\" aria-label=\"2 of 2\"><figure class=\"swiper-slide-inner\"><img decoding=\"async\" class=\"swiper-slide-image\" src=\"https:\/\/crewthat.com\/wp-content\/uploads\/2023\/09\/Etcp-PNG-8-1.png\" alt=\"Etcp PNG-8\" \/><\/figure><\/div>\t\t\t<\/div>\n\t\t\t\t\t\t\t\n\t\t\t\t\t\t\t\t\t<\/div>\n\t\t\t\t\t\t<\/div>\n\t\t\t\t\t<\/div>\n\t\t<\/div>\n\t\t\t\t\t<\/div>\n\t\t<\/section>\n\t\t\t\t\t<\/div>\n\t\t<\/div>\n\t\t\t\t\t<\/div>\n\t\t<\/section>\n\t\t\t\t<section class=\"elementor-section elementor-top-section elementor-element elementor-element-2322300 elementor-section-boxed elementor-section-height-default elementor-section-height-default\" data-id=\"2322300\" data-element_type=\"section\">\n\t\t\t\t\t\t<div class=\"elementor-container elementor-column-gap-no\">\n\t\t\t\t\t<div class=\"elementor-column elementor-col-100 elementor-top-column elementor-element elementor-element-c4d0ad1\" data-id=\"c4d0ad1\" data-element_type=\"column\">\n\t\t\t<div class=\"elementor-widget-wrap elementor-element-populated\">\n\t\t\t\t\t\t<div class=\"elementor-element elementor-element-ecc7ea1 elementor-widget-divider--view-line elementor-invisible elementor-widget elementor-widget-divider\" data-id=\"ecc7ea1\" data-element_type=\"widget\" data-settings=\"{&quot;_animation&quot;:&quot;zoomIn&quot;,&quot;_animation_delay&quot;:&quot;100&quot;}\" data-widget_type=\"divider.default\">\n\t\t\t\t\t\t\t<div class=\"elementor-divider\">\n\t\t\t<span class=\"elementor-divider-separator\">\n\t\t\t\t\t\t<\/span>\n\t\t<\/div>\n\t\t\t\t\t\t<\/div>\n\t\t\t\t<div class=\"elementor-element elementor-element-7cded8a elementor-widget__width-initial animated-slow elementor-widget-mobile__width-initial elementor-invisible elementor-widget elementor-widget-spacer\" data-id=\"7cded8a\" data-element_type=\"widget\" data-settings=\"{&quot;_animation&quot;:&quot;fadeIn&quot;,&quot;_animation_delay&quot;:&quot;300&quot;}\" data-widget_type=\"spacer.default\">\n\t\t\t\t\t\t\t<div class=\"elementor-spacer\">\n\t\t\t<div class=\"elementor-spacer-inner\"><\/div>\n\t\t<\/div>\n\t\t\t\t\t\t<\/div>\n\t\t\t\t\t<\/div>\n\t\t<\/div>\n\t\t\t\t\t<\/div>\n\t\t<\/section>\n\t\t\t\t<\/div>\n\t\t","protected":false},"excerpt":{"rendered":"<p>Crew That propose des formations sur place pour votre personnel afin de cr\u00e9er une \u00e9quipe comp\u00e9tente et un lieu de travail s\u00e9curitaire. Formation aux machines et certification Gr\u00e9ement acrobatique Automatisation PLUS D\u2019INFORMATIONS Nous sommes certifi\u00e9s au niveau international<\/p>\n","protected":false},"author":3,"featured_media":0,"parent":4966,"menu_order":0,"comment_status":"closed","ping_status":"closed","template":"elementor_header_footer","meta":{"footnotes":""},"class_list":["post-4946","page","type-page","status-publish","hentry"],"_links":{"self":[{"href":"https:\/\/crewthat.com\/fr-ca\/wp-json\/wp\/v2\/pages\/4946","targetHints":{"allow":["GET"]}}],"collection":[{"href":"https:\/\/crewthat.com\/fr-ca\/wp-json\/wp\/v2\/pages"}],"about":[{"href":"https:\/\/crewthat.com\/fr-ca\/wp-json\/wp\/v2\/types\/page"}],"author":[{"embeddable":true,"href":"https:\/\/crewthat.com\/fr-ca\/wp-json\/wp\/v2\/users\/3"}],"replies":[{"embeddable":true,"href":"https:\/\/crewthat.com\/fr-ca\/wp-json\/wp\/v2\/comments?post=4946"}],"version-history":[{"count":5,"href":"https:\/\/crewthat.com\/fr-ca\/wp-json\/wp\/v2\/pages\/4946\/revisions"}],"predecessor-version":[{"id":5037,"href":"https:\/\/crewthat.com\/fr-ca\/wp-json\/wp\/v2\/pages\/4946\/revisions\/5037"}],"up":[{"embeddable":true,"href":"https:\/\/crewthat.com\/fr-ca\/wp-json\/wp\/v2\/pages\/4966"}],"wp:attachment":[{"href":"https:\/\/crewthat.com\/fr-ca\/wp-json\/wp\/v2\/media?parent=4946"}],"curies":[{"name":"wp","href":"https:\/\/api.w.org\/{rel}","templated":true}]}}