{"id":4928,"date":"2023-10-10T08:00:09","date_gmt":"2023-10-10T08:00:09","guid":{"rendered":"https:\/\/crewthat.com\/office-management\/"},"modified":"2026-02-18T21:12:41","modified_gmt":"2026-02-18T21:12:41","slug":"gestion-de-bureau","status":"publish","type":"page","link":"https:\/\/crewthat.com\/fr-ca\/services\/gestion-de-bureau\/","title":{"rendered":"Construction"},"content":{"rendered":"\t\t<div data-elementor-type=\"wp-page\" data-elementor-id=\"4928\" class=\"elementor elementor-4928 elementor-1237\" data-elementor-post-type=\"page\">\n\t\t\t\t<div class=\"elementor-element elementor-element-244dbfc e-flex e-con-boxed e-con e-parent\" data-id=\"244dbfc\" data-element_type=\"container\">\n\t\t\t\t\t<div class=\"e-con-inner\">\n\t\t\t\t<div class=\"elementor-element elementor-element-6e0287d elementor-widget elementor-widget-image\" data-id=\"6e0287d\" data-element_type=\"widget\" data-widget_type=\"image.default\">\n\t\t\t\t\t\t\t\t\t\t\t\t\t\t\t<img fetchpriority=\"high\" decoding=\"async\" width=\"300\" height=\"179\" src=\"https:\/\/crewthat.com\/wp-content\/uploads\/2025\/10\/hammer-logo-transparent-300x179.png\" class=\"attachment-medium size-medium wp-image-8107\" alt=\"\" srcset=\"https:\/\/crewthat.com\/wp-content\/uploads\/2025\/10\/hammer-logo-transparent-300x179.png 300w, https:\/\/crewthat.com\/wp-content\/uploads\/2025\/10\/hammer-logo-transparent-1024x610.png 1024w, https:\/\/crewthat.com\/wp-content\/uploads\/2025\/10\/hammer-logo-transparent-768x458.png 768w, https:\/\/crewthat.com\/wp-content\/uploads\/2025\/10\/hammer-logo-transparent-1536x915.png 1536w, https:\/\/crewthat.com\/wp-content\/uploads\/2025\/10\/hammer-logo-transparent.png 1821w\" sizes=\"(max-width: 300px) 100vw, 300px\" \/>\t\t\t\t\t\t\t\t\t\t\t\t\t\t\t<\/div>\n\t\t\t\t\t<\/div>\n\t\t\t\t<\/div>\n\t\t<div class=\"elementor-element elementor-element-b5ea60f e-flex e-con-boxed e-con e-parent\" data-id=\"b5ea60f\" data-element_type=\"container\">\n\t\t\t\t\t<div class=\"e-con-inner\">\n\t\t<div class=\"elementor-element elementor-element-82c0226 e-con-full e-flex e-con e-child\" data-id=\"82c0226\" data-element_type=\"container\">\n\t\t<div class=\"elementor-element elementor-element-ff0463a e-con-full e-flex e-con e-child\" data-id=\"ff0463a\" data-element_type=\"container\">\n\t\t\t\t<div class=\"elementor-element elementor-element-bc9a137 elementor-widget elementor-widget-text-editor\" data-id=\"bc9a137\" data-element_type=\"widget\" data-widget_type=\"text-editor.default\">\n\t\t\t\t\t\t\t\t\t<p>\u00a0<\/p><ul><li>R\u00e9novations<\/li><li>Excavation<\/li><li>Fondation<\/li><li>Drain Fran\u00e7ais<\/li><li>Murs en Pierre<\/li><li>Restauration<\/li><li>Menuiserie<\/li><li>Travaux de Finition<\/li><li>Portes et Fen\u00eatres<\/li><li>Petits Ouvrage de B\u00e9ton<\/li><li>\u00c9quipements et Produits Sp\u00e9ciaux<\/li><li>Cloisons S\u00e8che<\/li><li>Peinture<\/li><li>Installations Sp\u00e9ciales<\/li><li>Ma\u00e7onnerie<\/li><li>Contactez-nous 1-877-420-1975<\/li><li>RBQ License # 5835-5983-01<\/li><li>Obtention de License Entrepreneur G\u00e9n\u00e9ral bient\u00f4t 2026<\/li><li>\u00a0<\/li><\/ul>\t\t\t\t\t\t\t\t<\/div>\n\t\t\t\t<\/div>\n\t\t\t\t<\/div>\n\t\t<div class=\"elementor-element elementor-element-caa93d5 e-con-full e-flex e-con e-child\" data-id=\"caa93d5\" data-element_type=\"container\">\n\t\t<div class=\"elementor-element elementor-element-cf9a5e2 e-con-full e-flex e-con e-child\" data-id=\"cf9a5e2\" data-element_type=\"container\">\n\t\t\t\t<div class=\"elementor-element elementor-element-a4b4aeb elementor-widget elementor-widget-xpro-before-after\" data-id=\"a4b4aeb\" data-element_type=\"widget\" data-settings=\"{&quot;orientation&quot;:&quot;horizontal&quot;,&quot;wiggle&quot;:&quot;yes&quot;,&quot;wiggle_timeout&quot;:{&quot;unit&quot;:&quot;px&quot;,&quot;size&quot;:1.5,&quot;sizes&quot;:[]},&quot;visible_ratio&quot;:{&quot;unit&quot;:&quot;px&quot;,&quot;size&quot;:50,&quot;sizes&quot;:[]}}\" data-widget_type=\"xpro-before-after.default\">\n\t\t\t\t\t<!--Compare Wrapper-->\r\n<div class=\"xpro-compare-wrapper xpro-compare-handle-show-always xpro-compare-label-show-always\">\r\n\t<!-- Compare Item -->\r\n\t<div class=\"xpro-compare-item\">\r\n\t\t<img decoding=\"async\" width=\"800\" height=\"451\" src=\"https:\/\/crewthat.com\/wp-content\/uploads\/2026\/02\/20250306_122611-1024x577.jpg\" class=\"attachment-large size-large\" alt=\"\" srcset=\"https:\/\/crewthat.com\/wp-content\/uploads\/2026\/02\/20250306_122611-1024x577.jpg 1024w, https:\/\/crewthat.com\/wp-content\/uploads\/2026\/02\/20250306_122611-300x169.jpg 300w, https:\/\/crewthat.com\/wp-content\/uploads\/2026\/02\/20250306_122611-768x432.jpg 768w, https:\/\/crewthat.com\/wp-content\/uploads\/2026\/02\/20250306_122611-1536x865.jpg 1536w, https:\/\/crewthat.com\/wp-content\/uploads\/2026\/02\/20250306_122611-2048x1153.jpg 2048w\" sizes=\"(max-width: 800px) 100vw, 800px\" \/><img decoding=\"async\" width=\"800\" height=\"451\" src=\"https:\/\/crewthat.com\/wp-content\/uploads\/2026\/02\/20250307_150042-1024x577.jpg\" class=\"attachment-large size-large\" alt=\"\" srcset=\"https:\/\/crewthat.com\/wp-content\/uploads\/2026\/02\/20250307_150042-1024x577.jpg 1024w, https:\/\/crewthat.com\/wp-content\/uploads\/2026\/02\/20250307_150042-300x169.jpg 300w, https:\/\/crewthat.com\/wp-content\/uploads\/2026\/02\/20250307_150042-768x432.jpg 768w, https:\/\/crewthat.com\/wp-content\/uploads\/2026\/02\/20250307_150042-1536x865.jpg 1536w, https:\/\/crewthat.com\/wp-content\/uploads\/2026\/02\/20250307_150042-2048x1153.jpg 2048w\" sizes=\"(max-width: 800px) 100vw, 800px\" \/>\t\t<!--Label-->\r\n\t\t<div class=\"xpro-compare-overlay\">\r\n\t\t\t\t\t\t\t<div class=\"xpro-compare-before-label\">Before<\/div>\r\n\t\t\t\t\t\t\t\t\t\t<div class=\"xpro-compare-after-label\">After<\/div>\r\n\t\t\t\t\t<\/div>\r\n\r\n\t<\/div>\r\n<\/div>\r\n\t\t\t\t<\/div>\n\t\t\t\t<\/div>\n\t\t<div class=\"elementor-element elementor-element-00d81d2 e-con-full e-flex e-con e-child\" data-id=\"00d81d2\" data-element_type=\"container\">\n\t\t\t\t<div class=\"elementor-element elementor-element-eddf66e elementor-widget elementor-widget-xpro-before-after\" data-id=\"eddf66e\" data-element_type=\"widget\" data-settings=\"{&quot;orientation&quot;:&quot;horizontal&quot;,&quot;wiggle&quot;:&quot;yes&quot;,&quot;wiggle_timeout&quot;:{&quot;unit&quot;:&quot;px&quot;,&quot;size&quot;:1.5,&quot;sizes&quot;:[]},&quot;visible_ratio&quot;:{&quot;unit&quot;:&quot;px&quot;,&quot;size&quot;:50,&quot;sizes&quot;:[]}}\" data-widget_type=\"xpro-before-after.default\">\n\t\t\t\t\t<!--Compare Wrapper-->\r\n<div class=\"xpro-compare-wrapper xpro-compare-handle-show-always xpro-compare-label-show-always\">\r\n\t<!-- Compare Item -->\r\n\t<div class=\"xpro-compare-item\">\r\n\t\t<img loading=\"lazy\" decoding=\"async\" width=\"800\" height=\"452\" src=\"https:\/\/crewthat.com\/wp-content\/uploads\/2026\/02\/FB_IMG_1730075562169-1024x578.jpg\" class=\"attachment-large size-large\" alt=\"\" srcset=\"https:\/\/crewthat.com\/wp-content\/uploads\/2026\/02\/FB_IMG_1730075562169-1024x578.jpg 1024w, https:\/\/crewthat.com\/wp-content\/uploads\/2026\/02\/FB_IMG_1730075562169-300x169.jpg 300w, https:\/\/crewthat.com\/wp-content\/uploads\/2026\/02\/FB_IMG_1730075562169-768x434.jpg 768w, https:\/\/crewthat.com\/wp-content\/uploads\/2026\/02\/FB_IMG_1730075562169.jpg 1080w\" sizes=\"(max-width: 800px) 100vw, 800px\" \/><img loading=\"lazy\" decoding=\"async\" width=\"800\" height=\"600\" src=\"https:\/\/crewthat.com\/wp-content\/uploads\/2026\/02\/FB_IMG_1730075613874.jpg\" class=\"attachment-large size-large\" alt=\"\" srcset=\"https:\/\/crewthat.com\/wp-content\/uploads\/2026\/02\/FB_IMG_1730075613874.jpg 960w, https:\/\/crewthat.com\/wp-content\/uploads\/2026\/02\/FB_IMG_1730075613874-300x225.jpg 300w, https:\/\/crewthat.com\/wp-content\/uploads\/2026\/02\/FB_IMG_1730075613874-768x576.jpg 768w\" sizes=\"(max-width: 800px) 100vw, 800px\" \/>\t\t<!--Label-->\r\n\t\t<div class=\"xpro-compare-overlay\">\r\n\t\t\t\t\t\t\t<div class=\"xpro-compare-before-label\">Before<\/div>\r\n\t\t\t\t\t\t\t\t\t\t<div class=\"xpro-compare-after-label\">After<\/div>\r\n\t\t\t\t\t<\/div>\r\n\r\n\t<\/div>\r\n<\/div>\r\n\t\t\t\t<\/div>\n\t\t\t\t<\/div>\n\t\t<div class=\"elementor-element elementor-element-c649d6c e-con-full e-flex e-con e-child\" data-id=\"c649d6c\" data-element_type=\"container\">\n\t\t\t\t<div class=\"elementor-element elementor-element-ac50d7b elementor-widget elementor-widget-xpro-before-after\" data-id=\"ac50d7b\" data-element_type=\"widget\" data-settings=\"{&quot;orientation&quot;:&quot;horizontal&quot;,&quot;wiggle&quot;:&quot;yes&quot;,&quot;wiggle_timeout&quot;:{&quot;unit&quot;:&quot;px&quot;,&quot;size&quot;:1.5,&quot;sizes&quot;:[]},&quot;visible_ratio&quot;:{&quot;unit&quot;:&quot;px&quot;,&quot;size&quot;:50,&quot;sizes&quot;:[]}}\" data-widget_type=\"xpro-before-after.default\">\n\t\t\t\t\t<!--Compare Wrapper-->\r\n<div class=\"xpro-compare-wrapper xpro-compare-handle-show-always xpro-compare-label-show-always\">\r\n\t<!-- Compare Item -->\r\n\t<div class=\"xpro-compare-item\">\r\n\t\t<img loading=\"lazy\" decoding=\"async\" width=\"800\" height=\"600\" src=\"https:\/\/crewthat.com\/wp-content\/uploads\/2026\/02\/20250924_084131-1024x768.jpg\" class=\"attachment-large size-large\" alt=\"\" srcset=\"https:\/\/crewthat.com\/wp-content\/uploads\/2026\/02\/20250924_084131-1024x768.jpg 1024w, https:\/\/crewthat.com\/wp-content\/uploads\/2026\/02\/20250924_084131-300x225.jpg 300w, https:\/\/crewthat.com\/wp-content\/uploads\/2026\/02\/20250924_084131-768x576.jpg 768w, https:\/\/crewthat.com\/wp-content\/uploads\/2026\/02\/20250924_084131-1536x1152.jpg 1536w, https:\/\/crewthat.com\/wp-content\/uploads\/2026\/02\/20250924_084131-2048x1536.jpg 2048w\" sizes=\"(max-width: 800px) 100vw, 800px\" \/><img loading=\"lazy\" decoding=\"async\" width=\"800\" height=\"600\" src=\"https:\/\/crewthat.com\/wp-content\/uploads\/2026\/02\/20250924_160011-1024x768.jpg\" class=\"attachment-large size-large\" alt=\"\" srcset=\"https:\/\/crewthat.com\/wp-content\/uploads\/2026\/02\/20250924_160011-1024x768.jpg 1024w, https:\/\/crewthat.com\/wp-content\/uploads\/2026\/02\/20250924_160011-300x225.jpg 300w, https:\/\/crewthat.com\/wp-content\/uploads\/2026\/02\/20250924_160011-768x576.jpg 768w, https:\/\/crewthat.com\/wp-content\/uploads\/2026\/02\/20250924_160011-1536x1152.jpg 1536w, https:\/\/crewthat.com\/wp-content\/uploads\/2026\/02\/20250924_160011-2048x1536.jpg 2048w\" sizes=\"(max-width: 800px) 100vw, 800px\" \/>\t\t<!--Label-->\r\n\t\t<div class=\"xpro-compare-overlay\">\r\n\t\t\t\t\t\t\t<div class=\"xpro-compare-before-label\">Before<\/div>\r\n\t\t\t\t\t\t\t\t\t\t<div class=\"xpro-compare-after-label\">After<\/div>\r\n\t\t\t\t\t<\/div>\r\n\r\n\t<\/div>\r\n<\/div>\r\n\t\t\t\t<\/div>\n\t\t\t\t<\/div>\n\t\t<div class=\"elementor-element elementor-element-0485cd4 e-con-full e-flex e-con e-child\" data-id=\"0485cd4\" data-element_type=\"container\">\n\t\t\t\t<div class=\"elementor-element elementor-element-2685f66 elementor-widget elementor-widget-xpro-before-after\" data-id=\"2685f66\" data-element_type=\"widget\" data-settings=\"{&quot;orientation&quot;:&quot;horizontal&quot;,&quot;wiggle&quot;:&quot;yes&quot;,&quot;wiggle_timeout&quot;:{&quot;unit&quot;:&quot;px&quot;,&quot;size&quot;:1.5,&quot;sizes&quot;:[]},&quot;visible_ratio&quot;:{&quot;unit&quot;:&quot;px&quot;,&quot;size&quot;:50,&quot;sizes&quot;:[]}}\" data-widget_type=\"xpro-before-after.default\">\n\t\t\t\t\t<!--Compare Wrapper-->\r\n<div class=\"xpro-compare-wrapper xpro-compare-handle-show-always xpro-compare-label-show-always\">\r\n\t<!-- Compare Item -->\r\n\t<div class=\"xpro-compare-item\">\r\n\t\t<img loading=\"lazy\" decoding=\"async\" width=\"577\" height=\"1024\" src=\"https:\/\/crewthat.com\/wp-content\/uploads\/2026\/02\/20250306_093211-577x1024.jpg\" class=\"attachment-large size-large\" alt=\"\" srcset=\"https:\/\/crewthat.com\/wp-content\/uploads\/2026\/02\/20250306_093211-577x1024.jpg 577w, https:\/\/crewthat.com\/wp-content\/uploads\/2026\/02\/20250306_093211-169x300.jpg 169w, https:\/\/crewthat.com\/wp-content\/uploads\/2026\/02\/20250306_093211-768x1364.jpg 768w, https:\/\/crewthat.com\/wp-content\/uploads\/2026\/02\/20250306_093211-865x1536.jpg 865w, https:\/\/crewthat.com\/wp-content\/uploads\/2026\/02\/20250306_093211-1153x2048.jpg 1153w, https:\/\/crewthat.com\/wp-content\/uploads\/2026\/02\/20250306_093211-scaled.jpg 1441w\" sizes=\"(max-width: 577px) 100vw, 577px\" \/><img loading=\"lazy\" decoding=\"async\" width=\"577\" height=\"1024\" src=\"https:\/\/crewthat.com\/wp-content\/uploads\/2026\/02\/20250307_151206-577x1024.jpg\" class=\"attachment-large size-large\" alt=\"\" srcset=\"https:\/\/crewthat.com\/wp-content\/uploads\/2026\/02\/20250307_151206-577x1024.jpg 577w, https:\/\/crewthat.com\/wp-content\/uploads\/2026\/02\/20250307_151206-169x300.jpg 169w, https:\/\/crewthat.com\/wp-content\/uploads\/2026\/02\/20250307_151206-768x1364.jpg 768w, https:\/\/crewthat.com\/wp-content\/uploads\/2026\/02\/20250307_151206-865x1536.jpg 865w, https:\/\/crewthat.com\/wp-content\/uploads\/2026\/02\/20250307_151206-1153x2048.jpg 1153w, https:\/\/crewthat.com\/wp-content\/uploads\/2026\/02\/20250307_151206-scaled.jpg 1441w\" sizes=\"(max-width: 577px) 100vw, 577px\" \/>\t\t<!--Label-->\r\n\t\t<div class=\"xpro-compare-overlay\">\r\n\t\t\t\t\t\t\t<div class=\"xpro-compare-before-label\">Before<\/div>\r\n\t\t\t\t\t\t\t\t\t\t<div class=\"xpro-compare-after-label\">After<\/div>\r\n\t\t\t\t\t<\/div>\r\n\r\n\t<\/div>\r\n<\/div>\r\n\t\t\t\t<\/div>\n\t\t\t\t<\/div>\n\t\t\t\t<\/div>\n\t\t\t\t\t<\/div>\n\t\t\t\t<\/div>\n\t\t<div class=\"elementor-element elementor-element-8fe2bdb e-flex e-con-boxed e-con e-parent\" data-id=\"8fe2bdb\" data-element_type=\"container\">\n\t\t\t\t\t<div class=\"e-con-inner\">\n\t\t\t\t<div class=\"elementor-element elementor-element-456aad4 elementor-widget elementor-widget-text-editor\" data-id=\"456aad4\" data-element_type=\"widget\" data-widget_type=\"text-editor.default\">\n\t\t\t\t\t\t\t\t\t<p>*** Notre portfolio est en cours de mise \u00e0 jour afin de refl\u00e9ter l\u2019expansion de nos capacit\u00e9s et nos plus r\u00e9cents projets de construction. Mise en ligne tr\u00e8s prochainement !!<\/p>\t\t\t\t\t\t\t\t<\/div>\n\t\t\t\t\t<\/div>\n\t\t\t\t<\/div>\n\t\t\t\t<section class=\"elementor-section elementor-top-section elementor-element elementor-element-c308aa3 elementor-section-boxed elementor-section-height-default elementor-section-height-default\" data-id=\"c308aa3\" data-element_type=\"section\">\n\t\t\t\t\t\t<div class=\"elementor-container elementor-column-gap-no\">\n\t\t\t\t\t<div class=\"elementor-column elementor-col-100 elementor-top-column elementor-element elementor-element-c7f3935\" data-id=\"c7f3935\" data-element_type=\"column\">\n\t\t\t<div class=\"elementor-widget-wrap elementor-element-populated\">\n\t\t\t\t\t\t<div class=\"elementor-element elementor-element-2981225 elementor-widget-divider--view-line elementor-invisible elementor-widget elementor-widget-divider\" data-id=\"2981225\" data-element_type=\"widget\" data-settings=\"{&quot;_animation&quot;:&quot;zoomIn&quot;,&quot;_animation_delay&quot;:&quot;100&quot;}\" data-widget_type=\"divider.default\">\n\t\t\t\t\t\t\t<div class=\"elementor-divider\">\n\t\t\t<span class=\"elementor-divider-separator\">\n\t\t\t\t\t\t<\/span>\n\t\t<\/div>\n\t\t\t\t\t\t<\/div>\n\t\t\t\t<div class=\"elementor-element elementor-element-126cd7f elementor-widget__width-initial animated-slow elementor-widget-mobile__width-initial elementor-invisible elementor-widget elementor-widget-spacer\" data-id=\"126cd7f\" data-element_type=\"widget\" data-settings=\"{&quot;_animation&quot;:&quot;fadeIn&quot;,&quot;_animation_delay&quot;:&quot;300&quot;}\" data-widget_type=\"spacer.default\">\n\t\t\t\t\t\t\t<div class=\"elementor-spacer\">\n\t\t\t<div class=\"elementor-spacer-inner\"><\/div>\n\t\t<\/div>\n\t\t\t\t\t\t<\/div>\n\t\t\t\t\t<\/div>\n\t\t<\/div>\n\t\t\t\t\t<\/div>\n\t\t<\/section>\n\t\t\t\t<section class=\"elementor-section elementor-top-section elementor-element elementor-element-701a22f elementor-section-boxed elementor-section-height-default elementor-section-height-default\" data-id=\"701a22f\" data-element_type=\"section\">\n\t\t\t\t\t\t<div class=\"elementor-container elementor-column-gap-no\">\n\t\t\t\t\t<div class=\"elementor-column elementor-col-100 elementor-top-column elementor-element elementor-element-33aba6b\" data-id=\"33aba6b\" data-element_type=\"column\">\n\t\t\t<div class=\"elementor-widget-wrap elementor-element-populated\">\n\t\t\t\t\t\t<div class=\"elementor-element elementor-element-aa00c8d elementor-widget elementor-widget-heading\" data-id=\"aa00c8d\" data-element_type=\"widget\" data-widget_type=\"heading.default\">\n\t\t\t\t\t<h2 class=\"elementor-heading-title elementor-size-default\">RBQ License # 5835-5983-01<\/h2>\t\t\t\t<\/div>\n\t\t\t\t<section class=\"elementor-section elementor-inner-section elementor-element elementor-element-2c0b90a elementor-section-full_width elementor-section-height-default elementor-section-height-default\" data-id=\"2c0b90a\" data-element_type=\"section\">\n\t\t\t\t\t\t<div class=\"elementor-container elementor-column-gap-no\">\n\t\t\t\t\t<div class=\"elementor-column elementor-col-100 elementor-inner-column elementor-element elementor-element-1cd5533\" data-id=\"1cd5533\" data-element_type=\"column\">\n\t\t\t<div class=\"elementor-widget-wrap elementor-element-populated\">\n\t\t\t\t\t\t<div class=\"elementor-element elementor-element-6eefa3f elementor-widget elementor-widget-image-carousel\" data-id=\"6eefa3f\" data-element_type=\"widget\" data-settings=\"{&quot;slides_to_scroll&quot;:&quot;1&quot;,&quot;slides_to_show&quot;:&quot;2&quot;,&quot;navigation&quot;:&quot;none&quot;,&quot;infinite&quot;:&quot;no&quot;,&quot;autoplay&quot;:&quot;yes&quot;,&quot;pause_on_hover&quot;:&quot;yes&quot;,&quot;pause_on_interaction&quot;:&quot;yes&quot;,&quot;autoplay_speed&quot;:5000,&quot;speed&quot;:500}\" data-widget_type=\"image-carousel.default\">\n\t\t\t\t\t\t\t<div class=\"elementor-image-carousel-wrapper swiper\" role=\"region\" aria-roledescription=\"carousel\" aria-label=\"Image Carousel\" dir=\"ltr\">\n\t\t\t<div class=\"elementor-image-carousel swiper-wrapper\" aria-live=\"off\">\n\t\t\t\t\t\t\t\t<div class=\"swiper-slide\" role=\"group\" aria-roledescription=\"slide\" aria-label=\"1 of 2\"><figure class=\"swiper-slide-inner\"><img decoding=\"async\" class=\"swiper-slide-image\" src=\"https:\/\/crewthat.com\/wp-content\/uploads\/2023\/09\/Irata-PNG-8-1.png\" alt=\"Irata PNG-8\" \/><\/figure><\/div><div class=\"swiper-slide\" role=\"group\" aria-roledescription=\"slide\" aria-label=\"2 of 2\"><figure class=\"swiper-slide-inner\"><img decoding=\"async\" class=\"swiper-slide-image\" src=\"https:\/\/crewthat.com\/wp-content\/uploads\/2023\/09\/Etcp-PNG-8-1.png\" alt=\"Etcp PNG-8\" \/><\/figure><\/div>\t\t\t<\/div>\n\t\t\t\t\t\t\t\n\t\t\t\t\t\t\t\t\t<\/div>\n\t\t\t\t\t\t<\/div>\n\t\t\t\t\t<\/div>\n\t\t<\/div>\n\t\t\t\t\t<\/div>\n\t\t<\/section>\n\t\t\t\t\t<\/div>\n\t\t<\/div>\n\t\t\t\t\t<\/div>\n\t\t<\/section>\n\t\t\t\t<section class=\"elementor-section elementor-top-section elementor-element elementor-element-d1ee2da elementor-section-boxed elementor-section-height-default elementor-section-height-default\" data-id=\"d1ee2da\" data-element_type=\"section\">\n\t\t\t\t\t\t<div class=\"elementor-container elementor-column-gap-no\">\n\t\t\t\t\t<div class=\"elementor-column elementor-col-100 elementor-top-column elementor-element elementor-element-ce01dcd\" data-id=\"ce01dcd\" data-element_type=\"column\">\n\t\t\t<div class=\"elementor-widget-wrap elementor-element-populated\">\n\t\t\t\t\t\t<div class=\"elementor-element elementor-element-c5ed25b elementor-widget-divider--view-line elementor-invisible elementor-widget elementor-widget-divider\" data-id=\"c5ed25b\" data-element_type=\"widget\" data-settings=\"{&quot;_animation&quot;:&quot;zoomIn&quot;,&quot;_animation_delay&quot;:&quot;100&quot;}\" data-widget_type=\"divider.default\">\n\t\t\t\t\t\t\t<div class=\"elementor-divider\">\n\t\t\t<span class=\"elementor-divider-separator\">\n\t\t\t\t\t\t<\/span>\n\t\t<\/div>\n\t\t\t\t\t\t<\/div>\n\t\t\t\t<div class=\"elementor-element elementor-element-df0669a elementor-widget__width-initial animated-slow elementor-widget-mobile__width-initial elementor-invisible elementor-widget elementor-widget-spacer\" data-id=\"df0669a\" data-element_type=\"widget\" data-settings=\"{&quot;_animation&quot;:&quot;fadeIn&quot;,&quot;_animation_delay&quot;:&quot;300&quot;}\" data-widget_type=\"spacer.default\">\n\t\t\t\t\t\t\t<div class=\"elementor-spacer\">\n\t\t\t<div class=\"elementor-spacer-inner\"><\/div>\n\t\t<\/div>\n\t\t\t\t\t\t<\/div>\n\t\t\t\t\t<\/div>\n\t\t<\/div>\n\t\t\t\t\t<\/div>\n\t\t<\/section>\n\t\t\t\t<\/div>\n\t\t","protected":false},"excerpt":{"rendered":"<p>\u00a0 R\u00e9novations Excavation Fondation Drain Fran\u00e7ais Murs en Pierre Restauration Menuiserie Travaux de Finition Portes et Fen\u00eatres Petits Ouvrage de B\u00e9ton \u00c9quipements et Produits Sp\u00e9ciaux Cloisons S\u00e8che Peinture Installations Sp\u00e9ciales Ma\u00e7onnerie Contactez-nous 1-877-420-1975 RBQ License # 5835-5983-01 Obtention de License Entrepreneur G\u00e9n\u00e9ral bient\u00f4t 2026 \u00a0 Before After Before After Before After Before After *** Notre [&hellip;]<\/p>\n","protected":false},"author":3,"featured_media":0,"parent":4966,"menu_order":0,"comment_status":"closed","ping_status":"closed","template":"elementor_header_footer","meta":{"footnotes":""},"class_list":["post-4928","page","type-page","status-publish","hentry"],"_links":{"self":[{"href":"https:\/\/crewthat.com\/fr-ca\/wp-json\/wp\/v2\/pages\/4928","targetHints":{"allow":["GET"]}}],"collection":[{"href":"https:\/\/crewthat.com\/fr-ca\/wp-json\/wp\/v2\/pages"}],"about":[{"href":"https:\/\/crewthat.com\/fr-ca\/wp-json\/wp\/v2\/types\/page"}],"author":[{"embeddable":true,"href":"https:\/\/crewthat.com\/fr-ca\/wp-json\/wp\/v2\/users\/3"}],"replies":[{"embeddable":true,"href":"https:\/\/crewthat.com\/fr-ca\/wp-json\/wp\/v2\/comments?post=4928"}],"version-history":[{"count":59,"href":"https:\/\/crewthat.com\/fr-ca\/wp-json\/wp\/v2\/pages\/4928\/revisions"}],"predecessor-version":[{"id":8282,"href":"https:\/\/crewthat.com\/fr-ca\/wp-json\/wp\/v2\/pages\/4928\/revisions\/8282"}],"up":[{"embeddable":true,"href":"https:\/\/crewthat.com\/fr-ca\/wp-json\/wp\/v2\/pages\/4966"}],"wp:attachment":[{"href":"https:\/\/crewthat.com\/fr-ca\/wp-json\/wp\/v2\/media?parent=4928"}],"curies":[{"name":"wp","href":"https:\/\/api.w.org\/{rel}","templated":true}]}}